{"id":56,"date":"2024-01-27T10:30:26","date_gmt":"2024-01-27T09:30:26","guid":{"rendered":"https:\/\/lafelicitanondipendedallafortuna.org\/?page_id=56"},"modified":"2024-06-23T12:25:03","modified_gmt":"2024-06-23T10:25:03","slug":"franco-niero-un-libro-e-un-progetto","status":"publish","type":"page","link":"https:\/\/lafelicitanondipendedallafortuna.org\/","title":{"rendered":"Franco Niero, un libro e un progetto"},"content":{"rendered":"\n<p><em>La felicit\u00e0 non dipende dalla fortuna (ma dalla capacit\u00e0 di leggere la vita)<\/em> \u00e8 un libro e un progetto. Un libro che racconta come la disabilit\u00e0 di una persona pu\u00f2 essere trasformata in ricchezza di valori per la vita di altre persone, di una famiglia, di una comunit\u00e0. Un progetto per divulgare una storia, quella di Franco Niero, che continua a vivere anche grazie al racconto.<\/p>\n\n\n\n<p>Attraverso questo sito puoi leggere il libro, sfogliarlo, e anche richiederne una copia cartacea.<br><br>Se lo desideri, puoi fare una donazione all\u2019associazione Genitori de La Nostra Famiglia di Noale, per il loro progetto \u201cDopo di noi\u201d, una casa della solidariet\u00e0 in via Salvo d\u2019Acquisto a Noale. L\u2019Associazione Genitori de La Nostra Famiglia ha nella casa alloggio la sua sede operativa e i suoi volontari, organizzati come \u201cbanca del tempo\u201d, operano a supporto delle attivit\u00e0 della casa.<\/p>\n","protected":false},"excerpt":{"rendered":"<p>La felicit\u00e0 non dipende dalla fortuna (ma dalla capacit\u00e0 di leggere la vita) \u00e8 un libro e un progetto. Un libro che racconta come la disabilit\u00e0 di una persona pu\u00f2 essere trasformata in ricchezza di valori per la vita di altre persone, di una famiglia, di una comunit\u00e0. Un progetto per divulgare una storia, quella [&hellip;]<\/p>\n","protected":false},"author":1,"featured_media":167,"parent":0,"menu_order":0,"comment_status":"closed","ping_status":"closed","template":"","meta":{"_monsterinsights_skip_tracking":false,"_monsterinsights_sitenote_active":false,"_monsterinsights_sitenote_note":"","_monsterinsights_sitenote_category":0,"footnotes":""},"class_list":["post-56","page","type-page","status-publish","has-post-thumbnail","hentry"],"_links":{"self":[{"href":"https:\/\/lafelicitanondipendedallafortuna.org\/index.php?rest_route=\/wp\/v2\/pages\/56","targetHints":{"allow":["GET"]}}],"collection":[{"href":"https:\/\/lafelicitanondipendedallafortuna.org\/index.php?rest_route=\/wp\/v2\/pages"}],"about":[{"href":"https:\/\/lafelicitanondipendedallafortuna.org\/index.php?rest_route=\/wp\/v2\/types\/page"}],"author":[{"embeddable":true,"href":"https:\/\/lafelicitanondipendedallafortuna.org\/index.php?rest_route=\/wp\/v2\/users\/1"}],"replies":[{"embeddable":true,"href":"https:\/\/lafelicitanondipendedallafortuna.org\/index.php?rest_route=%2Fwp%2Fv2%2Fcomments&post=56"}],"version-history":[{"count":8,"href":"https:\/\/lafelicitanondipendedallafortuna.org\/index.php?rest_route=\/wp\/v2\/pages\/56\/revisions"}],"predecessor-version":[{"id":259,"href":"https:\/\/lafelicitanondipendedallafortuna.org\/index.php?rest_route=\/wp\/v2\/pages\/56\/revisions\/259"}],"wp:featuredmedia":[{"embeddable":true,"href":"https:\/\/lafelicitanondipendedallafortuna.org\/index.php?rest_route=\/wp\/v2\/media\/167"}],"wp:attachment":[{"href":"https:\/\/lafelicitanondipendedallafortuna.org\/index.php?rest_route=%2Fwp%2Fv2%2Fmedia&parent=56"}],"curies":[{"name":"wp","href":"https:\/\/api.w.org\/{rel}","templated":true}]}}